{"id":55,"date":"2024-11-16T20:22:39","date_gmt":"2024-11-16T20:22:39","guid":{"rendered":"https:\/\/puertorico420.com\/?page_id=55"},"modified":"2024-11-16T20:22:39","modified_gmt":"2024-11-16T20:22:39","slug":"strains-outdoor","status":"publish","type":"page","link":"https:\/\/puertorico420.com\/index.php\/strains-outdoor\/","title":{"rendered":"Strains outdoor"},"content":{"rendered":"<header class=\"entry-header\">\n<h1 class=\"entry-title\">Strains Outdoor<\/h1>\n<\/header>\n<div class=\"entry-content\">\n<div class=\"col\"><img decoding=\"async\" class=\"media-object item-image\" src=\"https:\/\/medicineman.is\/\/upload\/Outdoor-ooh-la-la.jpg\" \/><\/div>\n<div class=\"col media-body\">\n<div class=\"row item-title\">\n<div class=\"col h4 media-heading text-center\">Outdoor \u2013 Ooh La La<\/div>\n<\/div>\n<div class=\"row item-desc\">\n<div class=\"col\">Hybrid<br \/>\nHigh: Aroused, Talkative, Relaxed<br \/>\nSmell: Cheese, Apricot, Vanilla<br \/>\nTreats: Anxiety, Stress, Depression<\/div>\n<\/div>\n<div class=\"row item-price\">\n<div class=\"col-2\"><strong>Price:<\/strong><\/div>\n<div class=\"col\">\n<div class=\"row\">\n<div class=\"col\"><\/div>\n<\/div>\n<div class=\"row\">\n<div class=\"col\">1 oz ($180.00)<\/div>\n<\/div>\n<div class=\"row\">\n<div class=\"col\">2 oz ($320.00)<\/div>\n<\/div>\n<div class=\"row\">\n<div class=\"col\">4 oz ($560.00)<\/div>\n<\/div>\n<\/div>\n<div>\u2014\u2014\u2014\u2014\u2014\u2014\u2014<\/div>\n<\/div>\n<div>\n<div class=\"row media item-entry\">\n<div class=\"col\"><img decoding=\"async\" class=\"media-object item-image\" src=\"https:\/\/medicineman.is\/\/upload\/Euphoria-upscale.jpg\" \/><\/div>\n<div class=\"col media-body\">\n<div class=\"row item-title\">\n<div class=\"col h4 media-heading text-center\">Outdoor \u2013 Euphoria<\/div>\n<\/div>\n<div class=\"row item-desc\">\n<div class=\"col\">\n<p>Euphoria is an evenly balanced hybrid strain that was bred from skunk strains by the Amsterdam Dutch Passion company. Although it has skunk parents, these dense, sweet and sticky nugs have a more floral scent than anything. When smoked the high produces remarkably upbeat effects and is perfect for those with social anxiety as it often promoted a sense of well being. And of course as the name suggests, can help to induce euphoria. This strain is the perfect smoke for social gatherings and parties, but really can be enjoyed at any time.<\/p>\n<p>This bud is a bit old, but still good\u2013 mega discount!!<\/p>\n<\/div>\n<\/div>\n<div class=\"row item-price\">\n<div class=\"col-2\"><strong>Price:<\/strong><\/div>\n<div class=\"col\">\n<div class=\"row\">\n<div class=\"col\">1 oz ($110.00)<\/div>\n<\/div>\n<div class=\"row\">\n<div class=\"col\">2 oz ($200.00)<\/div>\n<\/div>\n<div class=\"row\">\n<div class=\"col\">4 oz ($360.00)<\/div>\n<\/div>\n<\/div>\n<\/div>\n<\/div>\n<hr \/>\n<\/div>\n<div class=\"row media item-entry\">\n<div class=\"col\"><img decoding=\"async\" class=\"media-object item-image\" src=\"https:\/\/medicineman.is\/\/upload\/lemon1015.jpg\" \/><\/div>\n<div class=\"col media-body\">\n<div class=\"row item-title\">\n<div class=\"col h4 media-heading text-center\">Outdoor \u2013 Lemon<\/div>\n<\/div>\n<div class=\"row item-desc\">\n<div class=\"col\">\n<p>Lemon is a 50\/50 hybrid marijuana strain. Despite its even mix of sativa and indica genetics, Lemon is often considered a sativa due to its stimulating and energizing effects. This strain is characterized by its dense, bright green nugs that are covered in a thick layer of trichomes. When broken apart, Lemon buds emit a pungent citrus and skunky aroma that is sure to tantalize your senses.<\/p>\n<p>Lemon offers a potent and uplifting high that is perfect for daytime use. Its energizing effects make it a great choice for those looking to boost their productivity, creativity, and motivation. Lemon is also commonly used for treating conditions such as depression, anxiety, and fatigue. Whether you\u2019re looking to get things done or just want to feel more upbeat and positive, Lemon is a strain that is sure to deliver.<\/p>\n<p>This bud is a bit old, but still good\u2013 mega discount!!<\/p>\n<\/div>\n<\/div>\n<div class=\"row item-price\">\n<div class=\"col-2\"><strong>Price:<\/strong><\/div>\n<div class=\"col\">\n<div class=\"row\">\n<div class=\"col\">1\/2 oz ($65.00)<\/div>\n<\/div>\n<div class=\"row\">\n<div class=\"col\">1 oz ($110.00)<\/div>\n<\/div>\n<div class=\"row\">\n<div class=\"col\">2 oz ($200.00)<\/div>\n<\/div>\n<div class=\"row\">\n<div class=\"col\">4 oz ($360.00)<\/div>\n<\/div>\n<\/div>\n<\/div>\n<\/div>\n<hr \/>\n<\/div>\n<div class=\"row media item-entry\">\n<div class=\"col\"><img decoding=\"async\" class=\"media-object item-image\" src=\"https:\/\/medicineman.is\/\/upload\/pc117.jpg\" \/><\/div>\n<div class=\"col media-body\">\n<div class=\"row item-title\">\n<div class=\"col h4 media-heading text-center\">Outdoor \u2013 P &amp; C<\/div>\n<\/div>\n<div class=\"row item-desc\">\n<div class=\"col\">\n<p>P &amp; C is a unique and intriguing strain that offers a captivating cannabis experience. This well balanced hybrid blend brings together the best qualities of its parent strains, resulting in a delightful combination of flavors and effects that will leave you wanting more. P &amp; C showcases dense and resinous buds, adorned with vibrant hues of green and purple. The trichome covered nugs release and aroma that is both earthy and sweet, with subtle hints of pine and citrus dancing in the background. P &amp; C delivers a harmonious experience. It offers a gentle cerebral uplift that enhances creativity as well as promotes a sense of focus and mental clarity.<\/p>\n<p>This bud is a bit old, but still good\u2013 mega discount!!<\/p>\n<\/div>\n<\/div>\n<div class=\"row item-price\">\n<div class=\"col-2\"><strong>Price:<\/strong><\/div>\n<div class=\"col\">\n<div class=\"row\">\n<div class=\"col\">1\/2 oz ($65.00)<\/div>\n<\/div>\n<div class=\"row\">\n<div class=\"col\">1 oz ($110.00)<\/div>\n<\/div>\n<div class=\"row\">\n<div class=\"col\">2 oz ($200.00)<\/div>\n<\/div>\n<div class=\"row\">\n<div class=\"col\">4 oz ($360.00)<\/div>\n<\/div>\n<\/div>\n<div>\u2014\u2014\u2014\u2014\u2014\u2014\u2014\u2014\u2014\u2014\u2014\u2014\u2014\u2014\u2014\u2014\u2014\u2014\u2014\u2014\u2014\u2014\u2014\u2014\u2014\u2014<\/div>\n<\/div>\n<div>\n<div class=\"col\"><img decoding=\"async\" class=\"media-object item-image\" src=\"https:\/\/medicineman.is\/\/upload\/9-MAGICMELON915.jpg\" \/><\/div>\n<div class=\"col media-body\">\n<div class=\"row item-title\">\n<div class=\"col h4 media-heading text-center\">Outdoor \u2013 Magic Melon (On Sale)<\/div>\n<\/div>\n<div class=\"row item-desc\">\n<div class=\"col\">This slightly sativa dominant hybrid strain is a cross of Mango Trees x Honeydew Melon x Mango Sherbet creating sweet fruity flavors like melon, tropical mango, and berries. Magic Melon is known for producing energizing effects that are perfect for an afternoon of being social or wandering through the outdoors. The high will have you feeling lifted with a tranquil euphoria that pushes negative thoughts away leaving you happy and chipper. Magic Melon is used for treating conditions such as chronic stress, glaucoma, eye pressure, chronic fatigue, migraines, headaches, and depression.<\/div>\n<\/div>\n<div class=\"row item-price\">\n<div class=\"col-2\"><strong>Price:<\/strong><\/div>\n<div class=\"col\">\n<div class=\"row\">\n<div class=\"col\">1\/8 oz ($35.00)<\/div>\n<\/div>\n<div class=\"row\">\n<div class=\"col\">1\/4 oz ($50.00)<\/div>\n<\/div>\n<div class=\"row\">\n<div class=\"col\">1\/2 oz ($80.00)<\/div>\n<\/div>\n<div class=\"row\">\n<div class=\"col\">1 oz ($120.00)<\/div>\n<\/div>\n<div class=\"row\">\n<div class=\"col\">2 oz ($220.00)<\/div>\n<\/div>\n<div class=\"row\">\n<div class=\"col\">4 oz ($365.00)<\/div>\n<\/div>\n<\/div>\n<\/div>\n<\/div>\n<\/div>\n<\/div>\n<\/div>\n<\/div>\n<\/div>\n<\/div>\n","protected":false},"excerpt":{"rendered":"<p>Strains Outdoor Outdoor \u2013 Ooh La La Hybrid High: Aroused, Talkative, Relaxed Smell: Cheese, Apricot, Vanilla Treats: Anxiety, Stress, Depression Price: 1 oz ($180.00) 2 oz ($320.00) 4 oz ($560.00) \u2014\u2014\u2014\u2014\u2014\u2014\u2014 Outdoor \u2013 Euphoria Euphoria is an evenly balanced hybrid strain that was bred from skunk strains by the Amsterdam Dutch Passion company. Although it [&hellip;]<\/p>\n","protected":false},"author":1,"featured_media":0,"parent":0,"menu_order":0,"comment_status":"closed","ping_status":"closed","template":"","meta":{"footnotes":""},"class_list":["post-55","page","type-page","status-publish","hentry"],"yoast_head":"<!-- This site is optimized with the Yoast SEO plugin v27.5 - https:\/\/yoast.com\/product\/yoast-seo-wordpress\/ -->\n<title>Strains outdoor - Comprar Onzas de Marihuana en Puerto Rico - 420 PR - Comprar Libra de Marijuana en Puerto Rico - Bitcoin Se Acepta! - Best Weed &amp; Edibles | Express &amp; Standard USPS Shipping Available &ndash; Deliverys only USA &ndash;+527225688106 &ndash; telegram signal - Text &amp; whatsapp &ndash; Buy Weed Nationwade from California<\/title>\n<meta name=\"robots\" content=\"index, follow, max-snippet:-1, max-image-preview:large, max-video-preview:-1\" \/>\n<link rel=\"canonical\" href=\"https:\/\/puertorico420.com\/index.php\/strains-outdoor\/\" \/>\n<meta property=\"og:locale\" content=\"es_ES\" \/>\n<meta property=\"og:type\" content=\"article\" \/>\n<meta property=\"og:title\" content=\"Strains outdoor - Comprar Onzas de Marihuana en Puerto Rico - 420 PR - Comprar Libra de Marijuana en Puerto Rico - Bitcoin Se Acepta! - Best Weed &amp; Edibles | Express &amp; Standard USPS Shipping Available &ndash; Deliverys only USA &ndash;+527225688106 &ndash; telegram signal - Text &amp; whatsapp &ndash; Buy Weed Nationwade from California\" \/>\n<meta property=\"og:description\" content=\"Strains Outdoor Outdoor \u2013 Ooh La La Hybrid High: Aroused, Talkative, Relaxed Smell: Cheese, Apricot, Vanilla Treats: Anxiety, Stress, Depression Price: 1 oz ($180.00) 2 oz ($320.00) 4 oz ($560.00) \u2014\u2014\u2014\u2014\u2014\u2014\u2014 Outdoor \u2013 Euphoria Euphoria is an evenly balanced hybrid strain that was bred from skunk strains by the Amsterdam Dutch Passion company. Although it [&hellip;]\" \/>\n<meta property=\"og:url\" content=\"https:\/\/puertorico420.com\/index.php\/strains-outdoor\/\" \/>\n<meta property=\"og:site_name\" content=\"Comprar Onzas de Marihuana en Puerto Rico - 420 PR - Comprar Libra de Marijuana en Puerto Rico - Bitcoin Se Acepta! - Best Weed &amp; Edibles | Express &amp; Standard USPS Shipping Available &ndash; Deliverys only USA &ndash;+527225688106 &ndash; telegram signal - Text &amp; whatsapp &ndash; Buy Weed Nationwade from California\" \/>\n<meta property=\"og:image\" content=\"https:\/\/medicineman.is\/\/upload\/Outdoor-ooh-la-la.jpg\" \/>\n<meta name=\"twitter:card\" content=\"summary_large_image\" \/>\n<meta name=\"twitter:label1\" content=\"Tiempo de lectura\" \/>\n\t<meta name=\"twitter:data1\" content=\"3 minutos\" \/>\n<script type=\"application\/ld+json\" class=\"yoast-schema-graph\">{\"@context\":\"https:\\\/\\\/schema.org\",\"@graph\":[{\"@type\":\"WebPage\",\"@id\":\"https:\\\/\\\/puertorico420.com\\\/index.php\\\/strains-outdoor\\\/\",\"url\":\"https:\\\/\\\/puertorico420.com\\\/index.php\\\/strains-outdoor\\\/\",\"name\":\"Strains outdoor - Comprar Onzas de Marihuana en Puerto Rico - 420 PR - Comprar Libra de Marijuana en Puerto Rico - Bitcoin Se Acepta! - Best Weed &amp; Edibles | Express &amp; Standard USPS Shipping Available &ndash; Deliverys only USA &ndash;+527225688106 &ndash; telegram signal - Text &amp; whatsapp &ndash; Buy Weed Nationwade from California\",\"isPartOf\":{\"@id\":\"https:\\\/\\\/puertorico420.com\\\/#website\"},\"primaryImageOfPage\":{\"@id\":\"https:\\\/\\\/puertorico420.com\\\/index.php\\\/strains-outdoor\\\/#primaryimage\"},\"image\":{\"@id\":\"https:\\\/\\\/puertorico420.com\\\/index.php\\\/strains-outdoor\\\/#primaryimage\"},\"thumbnailUrl\":\"https:\\\/\\\/medicineman.is\\\/\\\/upload\\\/Outdoor-ooh-la-la.jpg\",\"datePublished\":\"2024-11-16T20:22:39+00:00\",\"breadcrumb\":{\"@id\":\"https:\\\/\\\/puertorico420.com\\\/index.php\\\/strains-outdoor\\\/#breadcrumb\"},\"inLanguage\":\"es\",\"potentialAction\":[{\"@type\":\"ReadAction\",\"target\":[\"https:\\\/\\\/puertorico420.com\\\/index.php\\\/strains-outdoor\\\/\"]}]},{\"@type\":\"ImageObject\",\"inLanguage\":\"es\",\"@id\":\"https:\\\/\\\/puertorico420.com\\\/index.php\\\/strains-outdoor\\\/#primaryimage\",\"url\":\"https:\\\/\\\/medicineman.is\\\/\\\/upload\\\/Outdoor-ooh-la-la.jpg\",\"contentUrl\":\"https:\\\/\\\/medicineman.is\\\/\\\/upload\\\/Outdoor-ooh-la-la.jpg\"},{\"@type\":\"BreadcrumbList\",\"@id\":\"https:\\\/\\\/puertorico420.com\\\/index.php\\\/strains-outdoor\\\/#breadcrumb\",\"itemListElement\":[{\"@type\":\"ListItem\",\"position\":1,\"name\":\"Portada\",\"item\":\"https:\\\/\\\/puertorico420.com\\\/\"},{\"@type\":\"ListItem\",\"position\":2,\"name\":\"Strains outdoor\"}]},{\"@type\":\"WebSite\",\"@id\":\"https:\\\/\\\/puertorico420.com\\\/#website\",\"url\":\"https:\\\/\\\/puertorico420.com\\\/\",\"name\":\"Comprar Onzas de Marihuana en Puerto Rico - 420 PR - Comprar Libra de Marijuana en Puerto Rico - Bitcoin Se Acepta! - Best Weed & Edibles | Express & Standard USPS Shipping Available \u2013 Deliverys only USA \u2013 +527226024123 Text Orders \u2013 Buy Weed Nationwade from California\",\"description\":\"cannabis Puerto Rico, marihuana Puerto Rico, weed Puerto Rico, cannabis sativa, cannabis \u00edndica, h\u00edbrido cannabis, variedades cannabis, sativa Puerto Rico, \u00edndica Puerto Rico, h\u00edbridos Puerto Rico, mejores variedades cannabis, marihuana sativa, marihuana \u00edndica, cannabis medicinal Puerto Rico, cannabis recreativo Puerto Rico, THC, CBD, cannabis con THC, cannabis con CBD, variedades sativa, variedades \u00edndica, semillas sativa, semillas \u00edndica, variedades h\u00edbridas, cannabis para relajaci\u00f3n, cannabis para dormir, cannabis para ansiedad, cannabis para dolor, cannabis para estr\u00e9s, cannabis para dolores musculares, cannabis para el insomnio, cannabis para enfermedades cr\u00f3nicas, cannabis para tratar dolor, cannabis para calmar nervios, cannabis para mejorar el \u00e1nimo, cannabis para la depresi\u00f3n, cannabis para problemas de salud mental, cannabis para concentrarse, cannabis para aliviar s\u00edntomas, cannabis para la piel, sativa para energ\u00eda, sativa para concentraci\u00f3n, \u00edndica para relajarse, cannabis para tratar migra\u00f1as, h\u00edbrido para dolor, h\u00edbrido para energ\u00eda, cannabis para calmar el estr\u00e9s, cannabis para tratar la ansiedad, cannabis sativa medicinal, cannabis h\u00edbrido medicinal, cannabis para mejorar el sue\u00f1o, cannabis para nervios, cannabis para la concentraci\u00f3n, cannabis para pacientes m\u00e9dicos, cannabis para pacientes con c\u00e1ncer, cannabis para enfermedades autoinmunes, cannabis con mayor THC, cannabis con m\u00e1s CBD, mejores cepas cannabis, marihuana para dolores cr\u00f3nicos, marihuana para dormir mejor, cannabis para fortalecer el sistema inmunol\u00f3gico, cannabis para mejorar el \u00e1nimo, variedades de marihuana, cannabis en Puerto Rico, cepas de cannabis populares, cepas populares Puerto Rico, mejores cepas para dormir, mejores cepas para relajaci\u00f3n, marihuana para aliviar insomnio, marihuana para aliviar el estr\u00e9s, cannabis relajante, cannabis estimulante, cannabis sativa para concentraci\u00f3n, cannabis \u00edndica para dolor, sativa o \u00edndica, h\u00edbrido sativa-\u00edndica, cepas m\u00e1s fumadas en Puerto Rico, cepas m\u00e1s consumidas Puerto Rico, cannabis para tratamiento de ansiedad, cannabis para tratar el dolor, cannabis para aliviar la depresi\u00f3n, cannabis para aliviar s\u00edntomas, sativa vs \u00edndica, efectos sativa, efectos \u00edndica, efectos h\u00edbridos, cannabis medicinal para dolores, marihuana de alta calidad Puerto Rico, THC para relajaci\u00f3n, CBD para ansiedad, marihuana h\u00edbrida, sativa Puerto Rico m\u00e1s fumada, sativa Puerto Rico m\u00e1s consumida.\",\"publisher\":{\"@id\":\"https:\\\/\\\/puertorico420.com\\\/#organization\"},\"potentialAction\":[{\"@type\":\"SearchAction\",\"target\":{\"@type\":\"EntryPoint\",\"urlTemplate\":\"https:\\\/\\\/puertorico420.com\\\/?s={search_term_string}\"},\"query-input\":{\"@type\":\"PropertyValueSpecification\",\"valueRequired\":true,\"valueName\":\"search_term_string\"}}],\"inLanguage\":\"es\"},{\"@type\":\"Organization\",\"@id\":\"https:\\\/\\\/puertorico420.com\\\/#organization\",\"name\":\"Comprar Onzas de Marihuana en Puerto Rico - 420 PR - Comprar Libra de Marijuana en Puerto Rico - Bitcoin Se Acepta! - Best Weed & Edibles | Express & Standard USPS Shipping Available \u2013 Deliverys only USA \u2013 +527226024123 Text Orders \u2013 Buy Weed Nationwade from California\",\"url\":\"https:\\\/\\\/puertorico420.com\\\/\",\"logo\":{\"@type\":\"ImageObject\",\"inLanguage\":\"es\",\"@id\":\"https:\\\/\\\/puertorico420.com\\\/#\\\/schema\\\/logo\\\/image\\\/\",\"url\":\"https:\\\/\\\/puertorico420.com\\\/wp-content\\\/uploads\\\/2024\\\/11\\\/prico3.jpg\",\"contentUrl\":\"https:\\\/\\\/puertorico420.com\\\/wp-content\\\/uploads\\\/2024\\\/11\\\/prico3.jpg\",\"width\":271,\"height\":186,\"caption\":\"Comprar Onzas de Marihuana en Puerto Rico - 420 PR - Comprar Libra de Marijuana en Puerto Rico - Bitcoin Se Acepta! - Best Weed & Edibles | Express & Standard USPS Shipping Available \u2013 Deliverys only USA \u2013 +527226024123 Text Orders \u2013 Buy Weed Nationwade from California\"},\"image\":{\"@id\":\"https:\\\/\\\/puertorico420.com\\\/#\\\/schema\\\/logo\\\/image\\\/\"}}]}<\/script>\n<!-- \/ Yoast SEO plugin. -->","yoast_head_json":{"title":"Strains outdoor - Comprar Onzas de Marihuana en Puerto Rico - 420 PR - Comprar Libra de Marijuana en Puerto Rico - Bitcoin Se Acepta! - Best Weed &amp; Edibles | Express &amp; Standard USPS Shipping Available &ndash; Deliverys only USA &ndash;+527225688106 &ndash; telegram signal - Text &amp; whatsapp &ndash; Buy Weed Nationwade from California","robots":{"index":"index","follow":"follow","max-snippet":"max-snippet:-1","max-image-preview":"max-image-preview:large","max-video-preview":"max-video-preview:-1"},"canonical":"https:\/\/puertorico420.com\/index.php\/strains-outdoor\/","og_locale":"es_ES","og_type":"article","og_title":"Strains outdoor - Comprar Onzas de Marihuana en Puerto Rico - 420 PR - Comprar Libra de Marijuana en Puerto Rico - Bitcoin Se Acepta! - Best Weed &amp; Edibles | Express &amp; Standard USPS Shipping Available &ndash; Deliverys only USA &ndash;+527225688106 &ndash; telegram signal - Text &amp; whatsapp &ndash; Buy Weed Nationwade from California","og_description":"Strains Outdoor Outdoor \u2013 Ooh La La Hybrid High: Aroused, Talkative, Relaxed Smell: Cheese, Apricot, Vanilla Treats: Anxiety, Stress, Depression Price: 1 oz ($180.00) 2 oz ($320.00) 4 oz ($560.00) \u2014\u2014\u2014\u2014\u2014\u2014\u2014 Outdoor \u2013 Euphoria Euphoria is an evenly balanced hybrid strain that was bred from skunk strains by the Amsterdam Dutch Passion company. Although it [&hellip;]","og_url":"https:\/\/puertorico420.com\/index.php\/strains-outdoor\/","og_site_name":"Comprar Onzas de Marihuana en Puerto Rico - 420 PR - Comprar Libra de Marijuana en Puerto Rico - Bitcoin Se Acepta! - Best Weed &amp; Edibles | Express &amp; Standard USPS Shipping Available &ndash; Deliverys only USA &ndash;+527225688106 &ndash; telegram signal - Text &amp; whatsapp &ndash; Buy Weed Nationwade from California","og_image":[{"url":"https:\/\/medicineman.is\/\/upload\/Outdoor-ooh-la-la.jpg","type":"","width":"","height":""}],"twitter_card":"summary_large_image","twitter_misc":{"Tiempo de lectura":"3 minutos"},"schema":{"@context":"https:\/\/schema.org","@graph":[{"@type":"WebPage","@id":"https:\/\/puertorico420.com\/index.php\/strains-outdoor\/","url":"https:\/\/puertorico420.com\/index.php\/strains-outdoor\/","name":"Strains outdoor - Comprar Onzas de Marihuana en Puerto Rico - 420 PR - Comprar Libra de Marijuana en Puerto Rico - Bitcoin Se Acepta! - Best Weed &amp; Edibles | Express &amp; Standard USPS Shipping Available &ndash; Deliverys only USA &ndash;+527225688106 &ndash; telegram signal - Text &amp; whatsapp &ndash; Buy Weed Nationwade from California","isPartOf":{"@id":"https:\/\/puertorico420.com\/#website"},"primaryImageOfPage":{"@id":"https:\/\/puertorico420.com\/index.php\/strains-outdoor\/#primaryimage"},"image":{"@id":"https:\/\/puertorico420.com\/index.php\/strains-outdoor\/#primaryimage"},"thumbnailUrl":"https:\/\/medicineman.is\/\/upload\/Outdoor-ooh-la-la.jpg","datePublished":"2024-11-16T20:22:39+00:00","breadcrumb":{"@id":"https:\/\/puertorico420.com\/index.php\/strains-outdoor\/#breadcrumb"},"inLanguage":"es","potentialAction":[{"@type":"ReadAction","target":["https:\/\/puertorico420.com\/index.php\/strains-outdoor\/"]}]},{"@type":"ImageObject","inLanguage":"es","@id":"https:\/\/puertorico420.com\/index.php\/strains-outdoor\/#primaryimage","url":"https:\/\/medicineman.is\/\/upload\/Outdoor-ooh-la-la.jpg","contentUrl":"https:\/\/medicineman.is\/\/upload\/Outdoor-ooh-la-la.jpg"},{"@type":"BreadcrumbList","@id":"https:\/\/puertorico420.com\/index.php\/strains-outdoor\/#breadcrumb","itemListElement":[{"@type":"ListItem","position":1,"name":"Portada","item":"https:\/\/puertorico420.com\/"},{"@type":"ListItem","position":2,"name":"Strains outdoor"}]},{"@type":"WebSite","@id":"https:\/\/puertorico420.com\/#website","url":"https:\/\/puertorico420.com\/","name":"Comprar Onzas de Marihuana en Puerto Rico - 420 PR - Comprar Libra de Marijuana en Puerto Rico - Bitcoin Se Acepta! - Best Weed & Edibles | Express & Standard USPS Shipping Available \u2013 Deliverys only USA \u2013 +527226024123 Text Orders \u2013 Buy Weed Nationwade from California","description":"cannabis Puerto Rico, marihuana Puerto Rico, weed Puerto Rico, cannabis sativa, cannabis \u00edndica, h\u00edbrido cannabis, variedades cannabis, sativa Puerto Rico, \u00edndica Puerto Rico, h\u00edbridos Puerto Rico, mejores variedades cannabis, marihuana sativa, marihuana \u00edndica, cannabis medicinal Puerto Rico, cannabis recreativo Puerto Rico, THC, CBD, cannabis con THC, cannabis con CBD, variedades sativa, variedades \u00edndica, semillas sativa, semillas \u00edndica, variedades h\u00edbridas, cannabis para relajaci\u00f3n, cannabis para dormir, cannabis para ansiedad, cannabis para dolor, cannabis para estr\u00e9s, cannabis para dolores musculares, cannabis para el insomnio, cannabis para enfermedades cr\u00f3nicas, cannabis para tratar dolor, cannabis para calmar nervios, cannabis para mejorar el \u00e1nimo, cannabis para la depresi\u00f3n, cannabis para problemas de salud mental, cannabis para concentrarse, cannabis para aliviar s\u00edntomas, cannabis para la piel, sativa para energ\u00eda, sativa para concentraci\u00f3n, \u00edndica para relajarse, cannabis para tratar migra\u00f1as, h\u00edbrido para dolor, h\u00edbrido para energ\u00eda, cannabis para calmar el estr\u00e9s, cannabis para tratar la ansiedad, cannabis sativa medicinal, cannabis h\u00edbrido medicinal, cannabis para mejorar el sue\u00f1o, cannabis para nervios, cannabis para la concentraci\u00f3n, cannabis para pacientes m\u00e9dicos, cannabis para pacientes con c\u00e1ncer, cannabis para enfermedades autoinmunes, cannabis con mayor THC, cannabis con m\u00e1s CBD, mejores cepas cannabis, marihuana para dolores cr\u00f3nicos, marihuana para dormir mejor, cannabis para fortalecer el sistema inmunol\u00f3gico, cannabis para mejorar el \u00e1nimo, variedades de marihuana, cannabis en Puerto Rico, cepas de cannabis populares, cepas populares Puerto Rico, mejores cepas para dormir, mejores cepas para relajaci\u00f3n, marihuana para aliviar insomnio, marihuana para aliviar el estr\u00e9s, cannabis relajante, cannabis estimulante, cannabis sativa para concentraci\u00f3n, cannabis \u00edndica para dolor, sativa o \u00edndica, h\u00edbrido sativa-\u00edndica, cepas m\u00e1s fumadas en Puerto Rico, cepas m\u00e1s consumidas Puerto Rico, cannabis para tratamiento de ansiedad, cannabis para tratar el dolor, cannabis para aliviar la depresi\u00f3n, cannabis para aliviar s\u00edntomas, sativa vs \u00edndica, efectos sativa, efectos \u00edndica, efectos h\u00edbridos, cannabis medicinal para dolores, marihuana de alta calidad Puerto Rico, THC para relajaci\u00f3n, CBD para ansiedad, marihuana h\u00edbrida, sativa Puerto Rico m\u00e1s fumada, sativa Puerto Rico m\u00e1s consumida.","publisher":{"@id":"https:\/\/puertorico420.com\/#organization"},"potentialAction":[{"@type":"SearchAction","target":{"@type":"EntryPoint","urlTemplate":"https:\/\/puertorico420.com\/?s={search_term_string}"},"query-input":{"@type":"PropertyValueSpecification","valueRequired":true,"valueName":"search_term_string"}}],"inLanguage":"es"},{"@type":"Organization","@id":"https:\/\/puertorico420.com\/#organization","name":"Comprar Onzas de Marihuana en Puerto Rico - 420 PR - Comprar Libra de Marijuana en Puerto Rico - Bitcoin Se Acepta! - Best Weed & Edibles | Express & Standard USPS Shipping Available \u2013 Deliverys only USA \u2013 +527226024123 Text Orders \u2013 Buy Weed Nationwade from California","url":"https:\/\/puertorico420.com\/","logo":{"@type":"ImageObject","inLanguage":"es","@id":"https:\/\/puertorico420.com\/#\/schema\/logo\/image\/","url":"https:\/\/puertorico420.com\/wp-content\/uploads\/2024\/11\/prico3.jpg","contentUrl":"https:\/\/puertorico420.com\/wp-content\/uploads\/2024\/11\/prico3.jpg","width":271,"height":186,"caption":"Comprar Onzas de Marihuana en Puerto Rico - 420 PR - Comprar Libra de Marijuana en Puerto Rico - Bitcoin Se Acepta! - Best Weed & Edibles | Express & Standard USPS Shipping Available \u2013 Deliverys only USA \u2013 +527226024123 Text Orders \u2013 Buy Weed Nationwade from California"},"image":{"@id":"https:\/\/puertorico420.com\/#\/schema\/logo\/image\/"}}]}},"_links":{"self":[{"href":"https:\/\/puertorico420.com\/index.php\/wp-json\/wp\/v2\/pages\/55","targetHints":{"allow":["GET"]}}],"collection":[{"href":"https:\/\/puertorico420.com\/index.php\/wp-json\/wp\/v2\/pages"}],"about":[{"href":"https:\/\/puertorico420.com\/index.php\/wp-json\/wp\/v2\/types\/page"}],"author":[{"embeddable":true,"href":"https:\/\/puertorico420.com\/index.php\/wp-json\/wp\/v2\/users\/1"}],"replies":[{"embeddable":true,"href":"https:\/\/puertorico420.com\/index.php\/wp-json\/wp\/v2\/comments?post=55"}],"version-history":[{"count":1,"href":"https:\/\/puertorico420.com\/index.php\/wp-json\/wp\/v2\/pages\/55\/revisions"}],"predecessor-version":[{"id":56,"href":"https:\/\/puertorico420.com\/index.php\/wp-json\/wp\/v2\/pages\/55\/revisions\/56"}],"wp:attachment":[{"href":"https:\/\/puertorico420.com\/index.php\/wp-json\/wp\/v2\/media?parent=55"}],"curies":[{"name":"wp","href":"https:\/\/api.w.org\/{rel}","templated":true}]}}